{"id":940,"date":"2012-09-28T01:20:40","date_gmt":"2012-09-28T01:20:40","guid":{"rendered":"http:\/\/calu.me\/bitacora\/?page_id=940"},"modified":"2012-10-26T15:33:22","modified_gmt":"2012-10-26T15:33:22","slug":"pesquisando-los-viernes","status":"publish","type":"page","link":"https:\/\/calu.me\/bitacora\/pesquisando-los-viernes","title":{"rendered":"#pesquisando los viernes"},"content":{"rendered":"<p><strong>Septiembre<\/strong><\/p>\n<li><a href=\"http:\/\/www.pollowers.com\/calu01\">7:<\/a> \u00bfvotar\u00edas por el actual Alcalde si transforma la ciudad (sin baches, etc.) en el tiempo q le queda?<\/li>\n<li><a href=\"http:\/\/www.pollowers.com\/calu02\">14:<\/a> exceptuando al Alcalde, a qui\u00e9n le favorece su posible reelecci\u00f3n?<\/li>\n<li><a href=\"http:\/\/twtpoll.com\/1c5g06\">21:<\/a> \u00bfte comprometer\u00edas a colaborar seg\u00fan tus posibilidades en una veedur\u00eda ciudadana al actual Alcalde y Concejales?<\/li>\n<li><a href=\"http:\/\/twtpoll.com\/ne2v40\">28:<\/a> \u00bfd\u00f3nde se ha dado mayor cobertura a la gran participaci\u00f3n de los j\u00f3venes de <a href=\"https:\/\/twitter.com\/i\/#!\/search\/realtime\/%23Loxa\">#Loxa<\/a> en Campus Party <a href=\"https:\/\/twitter.com\/i\/#!\/search\/realtime\/%23cpquito2\">#cpquito2<\/a> ?<\/li>\n<\/p>\n<p><strong>Octubre<\/strong><\/p>\n<li><a href=\"http:\/\/twtpoll.com\/acna3e\">5:<\/a> \u00bf sigues en vivo los temas tratados en las Sesiones del Cabildo de #Loxa a trav\u00e9s de la radio (convencional o en l\u00ednea) ?<\/li>\n<li><a href=\"http:\/\/twtpoll.com\/1pkuw4\">26:<\/a> \u00bfConoces el presupuesto anual que maneja del GAD Municipal de #Loxa <a href=\"https:\/\/twitter.com\/municipiodeloja\">@municipiodeloja<\/a> ?<\/li>\n","protected":false},"excerpt":{"rendered":"<p>Septiembre 7: \u00bfvotar\u00edas por el actual Alcalde si transforma la ciudad (sin baches, etc.) en el tiempo q le queda? 14: exceptuando al Alcalde, a qui\u00e9n le favorece su posible reelecci\u00f3n? 21: \u00bfte comprometer\u00edas a colaborar seg\u00fan tus posibilidades en una veedur\u00eda ciudadana al actual Alcalde y Concejales? 28: \u00bfd\u00f3nde se ha dado mayor cobertura [&hellip;]<\/p>\n","protected":false},"author":1,"featured_media":0,"parent":0,"menu_order":50,"comment_status":"open","ping_status":"open","template":"","meta":{"footnotes":""},"class_list":["post-940","page","type-page","status-publish","hentry"],"_links":{"self":[{"href":"https:\/\/calu.me\/bitacora\/wp-json\/wp\/v2\/pages\/940","targetHints":{"allow":["GET"]}}],"collection":[{"href":"https:\/\/calu.me\/bitacora\/wp-json\/wp\/v2\/pages"}],"about":[{"href":"https:\/\/calu.me\/bitacora\/wp-json\/wp\/v2\/types\/page"}],"author":[{"embeddable":true,"href":"https:\/\/calu.me\/bitacora\/wp-json\/wp\/v2\/users\/1"}],"replies":[{"embeddable":true,"href":"https:\/\/calu.me\/bitacora\/wp-json\/wp\/v2\/comments?post=940"}],"version-history":[{"count":16,"href":"https:\/\/calu.me\/bitacora\/wp-json\/wp\/v2\/pages\/940\/revisions"}],"predecessor-version":[{"id":985,"href":"https:\/\/calu.me\/bitacora\/wp-json\/wp\/v2\/pages\/940\/revisions\/985"}],"wp:attachment":[{"href":"https:\/\/calu.me\/bitacora\/wp-json\/wp\/v2\/media?parent=940"}],"curies":[{"name":"wp","href":"https:\/\/api.w.org\/{rel}","templated":true}]}}