{"id":87,"date":"2006-12-29T16:24:37","date_gmt":"2006-12-29T21:24:37","guid":{"rendered":"http:\/\/calu.me\/bitacora\/acerca-de-esta-bitacora\/"},"modified":"2017-01-01T12:30:34","modified_gmt":"2017-01-01T17:30:34","slug":"acerca-de","status":"publish","type":"page","link":"https:\/\/calu.me\/bitacora\/acerca-de","title":{"rendered":"Acerca de"},"content":{"rendered":"<p><strong>Biograf\u00eda resumida<\/strong><br \/>\nCarlos Correa Loyola (<a href=\"https:\/\/twitter.com\/calu\">@calu<\/a>) es de Loja (Ecuador). Su vida profesional se ha desarrollado en torno al emprendimiento de base tecnol\u00f3gica y a la gesti\u00f3n de proyectos de tecnolog\u00eda en educaci\u00f3n superior. En los \u00faltimos a\u00f1os en la <a href=\"http:\/\/www.utpl.edu.ec\/\">Universidad T\u00e9cnica Particular de Loja<\/a> (UTPL) estuvo como Director de TI, Director de la Modalidad Online, Asesor del Rector en Prospectiva Tecnol\u00f3gica como parte de su Gabinete, y actualmente es responsable de Networking y Prospectiva en el <a href=\"https:\/\/prendho.com\/acerca-de-prendho\">Centro de Emprendimiento \u00abprendho\u00bb<\/a>. Es l\u00edder de <a href=\"http:\/\/creativecommons.ec\/\">Creative Commons Ecuador<\/a> y por ende un apasionado de todo lo \u201copen\u201d (Cultura, Gobierno, Democracia, Acceso, etc.). Tambi\u00e9n es parte del colectivo <a href=\"http:\/\/loxaesmas.org\/\">#LoxaEsM\u00e1s<\/a> que pretende desarrollar la participaci\u00f3n ciudadana a trav\u00e9s del uso de redes sociales; y cofundador de la Asociaci\u00f3n de Usuarios Digitales del Ecuador. Tiene fuertes intereses de estudio, reflexi\u00f3n, participaci\u00f3n y activismo en cuanto a la neutralidad en la red, la reducci\u00f3n de la brecha digital, el derecho de autor en este nuevo siglo, la educaci\u00f3n a distancia mediada por tecnolog\u00edas, y otros aspectos donde la tecnolog\u00eda es la plataforma sobre la que se desarrollan aspectos sociol\u00f3gicos. Dice, con orgullo, que ha quebrado un par de emprendimientos propios, y tambi\u00e9n ha fundado otros cuatro donde ha podido articular sus dos grandes pasiones profesionales: la tecnolog\u00eda y el emprendimiento.<\/p>\n<p><script type=\"text\/javascript\">\n(function(d){\n  var f = d.getElementsByTagName('SCRIPT')[0], p = d.createElement('SCRIPT');\n  p.type = 'text\/javascript';\n  p.async = true;\n  p.src = '\/\/assets.pinterest.com\/js\/pinit.js';\n  f.parentNode.insertBefore(p, f);\n}(document));\n<\/script><\/p>\n<p align=\"center\"><a data-pin-do=\"embedBoard\" href=\"http:\/\/pinterest.com\/calu777\/avatares-de-twitter\/\"><\/a><\/p>\n<p>Mi nombre es <a href=\"http:\/\/www.google.com\/search?client=safari&amp;rls=es&amp;q=%22carlos+correa+loyola%22&amp;ie=UTF-8&amp;oe=UTF-8\">Carlos Correa Loyola<\/a>, nac\u00ed el mismo d\u00eda en que Arthur Conan Doyle muri\u00f3 (solamente que 44 a\u00f1os despu\u00e9s). Aunque he estado de paso por varios pa\u00edses, he vivido desde peque\u00f1o en la <i>Inmaculada Concepci\u00f3n de <a href=\"http:\/\/es.wikipedia.org\/wiki\/Loja_%28Ecuador%29\">Loxa<\/a><\/i>, una ciudad que est\u00e1 al sur de ese pa\u00eds que <a href=\"http:\/\/es.wikipedia.org\/wiki\/Ecuador\">lleva el nombre de una l\u00ednea imaginaria<\/a>, que est\u00e1 en la mitad del mundo, y a escasos 100 km en l\u00ednea recta con la frontera peruana. Trabajo -casi todo el d\u00eda- con tecnolog\u00eda, por lo que suelo utilizar una Macintosh (desde 1.995). Me encanta la m\u00fasica, especialmente el rock cl\u00e1sico, y es por eso que form\u00e9 una banda donde toco el bajo. Me gusta mucho el Per\u00fa, a veces m\u00e1s que el Ecuador. Me encanta el cine, la m\u00fasica (ya dije eso?), las Macintosh (eso tambi\u00e9n?), la lectura, el tamal con caf\u00e9 y los sue\u00f1os irrealizables.<\/p>\n<p><!--\nMi sueldo se va todo en mujeres... o casi todo, porque tengo una preciosa familia: mi esposa, 3 hijas y un hijo.\n--><\/p>\n<p>Se supone que soy el autor de esta bit\u00e1cora que trato de publicar algo con cierta frecuencia desde noviembre del 2005.<\/p>\n<p><!--\n, en ella hablo sobre temas que me interesan bajo estas categor\u00edas:\n\n[se supone que aqu\u00ed deb\u00eda aparecer una nube de etiquetas con las categor\u00edas pero el servicio de <a href=\"http:\/\/www.zoomclouds.com\">zoomclouds.com est\u00e1 fuera de l\u00ednea qui\u00e9n-sabe-desde-cu\u00e1ndo, as\u00ed que imagina la nube y listo]\n--><\/p>\n<p>Todos los textos son de mi autor\u00eda obviamente exceptuando las citas, referencias y enlaces, a los cuales no significa que t\u00e1citamente confirme, apruebe o ratifique su veracidad. Todas las ideas, opiniones, criterios, afirmaciones, etc., no representan a ninguna de las instituciones en las que he trabajado o en las que trabajo actualmente, ni a ninguna asociaci\u00f3n de la cual soy parte, ni a ninguna persona o colectivo, se expresan a titulo personal. <strong>Esto tambi\u00e9n aplica a todo el contenido que genero en las redes sociales de las que tengo una cuenta de usuario personal<\/strong>. Agradezco que puedas tener la suficiente claridad para separar mi \u00e1mbito personal, para lo dem\u00e1s cada instituci\u00f3n, asociaci\u00f3n, empresa o persona dispone de sus propios canales de comunicaci\u00f3n.<\/p>\n<p>A excepci\u00f3n donde se indique lo contrario, todo el contenido de esta bit\u00e1cora (incluyendo textos, fotos, sonidos, videos, etc.) est\u00e1 bajo una licencia <a href=\"http:\/\/creativecommons.org\/licenses\/by-sa\/3.0\/ec\/\">Creative Commons Atribuci\u00f3n-CompartirIgual 3.0 Ecuador (CC BY-SA 3.0)<\/a>.<\/p>\n<p>Puedes agregar esta bit\u00e1cora a tu lector de <i>feeds<\/i> favorito mediante <a href=\"http:\/\/calu.me\/bitacora\/feed\/\">este enlace<\/a>. Para ponerte en contacto conmigo <a href=\"http:\/\/calu.me\/bitacora\/contacto\/\">haz click aqu\u00ed<\/a>.<\/p>\n<p>Gracias por pasearte por aqu\u00ed. Tus comentarios son bienvenidos. Dicho esto, est\u00e1s invitado\/a a <a href=\"http:\/\/calu.me\/bitacora\/\">navegar en el blog<\/a>.<\/p>\n","protected":false},"excerpt":{"rendered":"<p>Biograf\u00eda resumida Carlos Correa Loyola (@calu) es de Loja (Ecuador). Su vida profesional se ha desarrollado en torno al emprendimiento de base tecnol\u00f3gica y a la gesti\u00f3n de proyectos de tecnolog\u00eda en educaci\u00f3n superior. En los \u00faltimos a\u00f1os en la Universidad T\u00e9cnica Particular de Loja (UTPL) estuvo como Director de TI, Director de la Modalidad [&hellip;]<\/p>\n","protected":false},"author":1,"featured_media":0,"parent":0,"menu_order":0,"comment_status":"open","ping_status":"open","template":"","meta":{"footnotes":""},"class_list":["post-87","page","type-page","status-publish","hentry"],"_links":{"self":[{"href":"https:\/\/calu.me\/bitacora\/wp-json\/wp\/v2\/pages\/87","targetHints":{"allow":["GET"]}}],"collection":[{"href":"https:\/\/calu.me\/bitacora\/wp-json\/wp\/v2\/pages"}],"about":[{"href":"https:\/\/calu.me\/bitacora\/wp-json\/wp\/v2\/types\/page"}],"author":[{"embeddable":true,"href":"https:\/\/calu.me\/bitacora\/wp-json\/wp\/v2\/users\/1"}],"replies":[{"embeddable":true,"href":"https:\/\/calu.me\/bitacora\/wp-json\/wp\/v2\/comments?post=87"}],"version-history":[{"count":8,"href":"https:\/\/calu.me\/bitacora\/wp-json\/wp\/v2\/pages\/87\/revisions"}],"predecessor-version":[{"id":1550,"href":"https:\/\/calu.me\/bitacora\/wp-json\/wp\/v2\/pages\/87\/revisions\/1550"}],"wp:attachment":[{"href":"https:\/\/calu.me\/bitacora\/wp-json\/wp\/v2\/media?parent=87"}],"curies":[{"name":"wp","href":"https:\/\/api.w.org\/{rel}","templated":true}]}}