{"id":86,"date":"2006-12-29T14:52:22","date_gmt":"2006-12-29T19:52:22","guid":{"rendered":"http:\/\/calu.me\/bitacora\/blogs-lojanos\/"},"modified":"2006-12-29T14:52:22","modified_gmt":"2006-12-29T19:52:22","slug":"blogs-lojanos","status":"publish","type":"page","link":"https:\/\/calu.me\/bitacora\/blogs-lojanos","title":{"rendered":"Blogs Lojanos"},"content":{"rendered":"<p>En el sitio <a href=\"http:\/\/ecuablogs.com\/\">ecuablogs.com<\/a> se encuentran registrados cerca de 1.000 <i>blogs<\/i> (bit\u00e1coras) de las cu\u00e1les no todas est\u00e1n relacionadas con el Ecuador. Me parece que a\u00fan son muy pocas. Pero todav\u00eda menos es de esperar el n\u00famero de bit\u00e1coras que tengan relaci\u00f3n con Loja. \u00bfHabr\u00e1n un a docena? \u00bfdos docenas? \u00bfno m\u00e1s all\u00e1 de 30?. Mientras crecen, intentar\u00e9 agruparlas para darlas a conocer y promocionarlas. A partir del 5 de enero del 2007, cada dos semanas publicar\u00e9 una rese\u00f1a de aquellas que cumplan estas sencillas reglas:<\/p>\n<li>1. Me centrar\u00e9 exclusivamente en los <a href=\"http:\/\/es.wikipedia.org\/wiki\/Blog\"><i>blogs<\/i><\/a>, dejando por fuera a las cl\u00e1sicas p\u00e1ginas web, a los portales, etc.<\/li>\n<li>2. Su autor\/a debe tener alguna relaci\u00f3n fuerte con <a href=\"http:\/\/es.wikipedia.org\/wiki\/Loja_%28provincia%29\">Loja<\/a>, por ejemplo haber nacido, haber residido o escribir con frecuencia acerca de Loja.<\/li>\n<li>3. La tem\u00e1tica del <i>blog<\/i> es indistinta, puede abarcar cualquier tema.<\/li>\n<li>4. Su autor\/a debe estar dispuesto\/a a conceder una entrevista (via correo electr\u00f3nico, <a href=\"http:\/\/skype.com\/\">Skype<\/a>, etc.) y luego de que el borrador haya sido revisado, se publicar\u00e1 en la categor\u00eda \u00ab<a href=\"http:\/\/calu.me\/bitacora\/tag\/loja\/blogs-lojanos\/\"><i>Blogs<\/i> lojanos<\/a>\u00ab. Los contenidos no ser\u00e1n <i>copyright<\/i> y se sujetar\u00e1n a la misma licencia de este <i>blog<\/i>, es decir: <a href=\"http:\/\/creativecommons.org\/licenses\/by-sa\/2.5\/\">Creative Commons Attribution-ShareAlike 2.5<\/a>.<\/li>\n<p><\/p>\n<p>Si quieres formar parte de esta iniciativa, por favor <a href=\"mailto:info@calu.me\">ponte en contacto conmigo<\/a>. Para revisar las entradas de cada <i>blog<\/i> publicado hasta la fecha, por favor accede a la categor\u00eda <a href=\"http:\/\/calu.me\/bitacora\/tag\/loja\/blogs-lojanos\/\"><i>Blogs<\/i> lojanos<\/a>.<\/p>\n<p>El listado de cada uno de ellos, por orden de respuesta, es el siguiente:<\/p>\n<li><a href=\"http:\/\/calu.me\/bitacora\/2007\/01\/05\/blogs-lojanos-1-de-la-vida-y-algo-mas.html\">De la vida y algo mas&#8230;<\/a><\/li>\n<li><a href=\"http:\/\/calu.me\/bitacora\/2007\/01\/19\/blogs-lojanos-2-celicanos-online.html\">Celicanos Online<\/a><\/li>\n<li><a href=\"http:\/\/calu.me\/bitacora\/2007\/03\/22\/blogs-lojanos-3-el-columpio-de-haceldama.html\">El columpio de Hac\u00e9ldama<\/a><\/li>\n<p><u>Actualizaci\u00f3n 2007.11.11<\/u>: La iniciativa no sali\u00f3 como hubiera querido, as\u00ed que intentar\u00e9 listar los blogs lojanos en orden alfab\u00e9tico. Si tu blog no est\u00e1 listado y cumple las condiciones descritas entonces por favor <a href=\"http:\/\/calu.me\/bitacora\/contacto\/\">ponte en contacto conmigo<\/a>.<\/p>\n<p><u>Actualizaci\u00f3n 2008.01.06<\/u>: En <a href=\"http:\/\/groups.blogdigger.com\/groups.jsp?id=3766\">un solo sitio<\/a> puedes leer todas las entradas juntas de cada blog, adem\u00e1s te puedes suscribir al <a href=\"http:\/\/groups.blogdigger.com\/rss.jsp?id=3766\">RSS<\/a>.<\/p>\n<p><strong>A<\/strong><br \/>\n<a href=\"http:\/\/alordesia.wordpress.com\/\">Alordesia<\/a><br \/>\n<a href=\"http:\/\/apgualan.wordpress.com\/\">Angel Gual\u00e1n<\/a><br \/>\n<a href=\"http:\/\/catimier.wordpress.com\/\">Aqu\u00ed vamos de nuevo<\/a><br \/>\n<a href=\"http:\/\/aacabrera.wordpress.com\/\">Armando Cabrera<\/a><\/p>\n<p><strong>B<\/strong><br \/>\n<a href=\"http:\/\/bamopablog.wordpress.com\/\">Bamopa<\/a><br \/>\n<a href=\"http:\/\/miltonramirez.org\/\">BPLE (espa\u00f1ol)<\/a><br \/>\n<a href=\"http:\/\/www.miltonramirez.com\/\">BPLE (ingl\u00e9s)<\/a><\/p>\n<p><strong>C<\/strong><br \/>\n<a href=\"http:\/\/cafedechucho.blogspot.com\/\">Caf\u00e9 de chucho<\/a><br \/>\n<a href=\"http:\/\/cafelojano.wordpress.com\/\">Caf\u00e9 Lojano<\/a><br \/>\n<a href=\"http:\/\/carlosjumbo.com\/\">Carlos Jumbo<\/a><br \/>\n<a href=\"http:\/\/cavaju.blogspot.com\/\">CAVAJU<\/a><br \/>\n<a href=\"http:\/\/www.celicanos.com\/\">Celicanos Online<\/a><br \/>\n<a href=\"http:\/\/farinango.ec\/\">CineClub Farinango<\/a><br \/>\n<a href=\"http:\/\/genesys33.wordpress.com\/\">Coexista<\/a><br \/>\n<a href=\"http:\/\/laclaus.wordpress.com\/\">Cosas que se parecen&#8230;<\/a><\/p>\n<p><strong>D<\/strong><br \/>\n<a href=\"http:\/\/danielvn7.wordpress.com\/\">Daniel\u2019s Blog<\/a><br \/>\n<a href=\"http:\/\/loja.blogsome.com\/\">De la vida y algo mas&#8230;<\/a><br \/>\n<a href=\"http:\/\/gabbycorsalas.wordpress.com\/\">De todo un poco<\/a><br \/>\n<a href=\"http:\/\/josesandovaln.wordpress.com\/\">Dormount\u2019s Blog<\/a><br \/>\n<a href=\"http:\/\/dy3g0.wordpress.com\/\">dy3g0\u2019s trench<\/a><\/p>\n<p><strong>E<\/strong><br \/>\n<a href=\"http:\/\/edisoncor.mycsistemas.com\/\">Edisoncor Inform\u00e1tica, programaci\u00f3n y m\u00e1s<\/a><br \/>\n<a href=\"http:\/\/elenamalo.blogspot.com\/\">El arte de pensar<\/a><br \/>\n<a href=\"http:\/\/www.publiloja.com\/blogs\/chavo\/\">El blog del Chavo<\/a><br \/>\n<a href=\"http:\/\/www.elcofredepandora.blogspot.com\/\">El cofre de Pandora<\/a><br \/>\n<a href=\"http:\/\/elmurofeutpl.wordpress.com\/\">El Muro<\/a><br \/>\n<a href=\"http:\/\/elmundodekarlos.blogspot.com\/\">El mundo de karlos<\/a><br \/>\n<a href=\"http:\/\/www.utpl.edu.ec\/eccblog\/\">Escuela de Ciencias de la Computaci\u00f3n<\/a><\/p>\n<p><strong>F<\/strong><br \/>\n<a href=\"http:\/\/faustol.wordpress.com\/\">Fausto Loja Mora<\/a><br \/>\n<a href=\"http:\/\/www.fronate.pro.ec\/fronate\/\">Fernando O\u00f1ate-Valdiviezo<\/a><br \/>\n<a href=\"http:\/\/fralbe.wordpress.com\/\">Fralbe<\/a><\/p>\n<p><strong>G<\/strong><br \/>\n<a href=\"http:\/\/galopriva.wordpress.com\/\">Galopriva<\/a><br \/>\n<a href=\"http:\/\/genesys33.lynksee.com\/blog\/\">genesys33<\/a><br \/>\n<a href=\"http:\/\/grrodriguez.wordpress.com\/\">Ger&#8230;<\/a><br \/>\n<a href=\"http:\/\/guillos.blogspot.com\/\">Guillo&#8217;s<\/a> (<font color=\"red\">nuevo<\/font>)<\/p>\n<p><strong>I<\/strong><br \/>\n<a href=\"http:\/\/israeldj.wordpress.com\/\">israeldj<\/a><br \/>\n<a href=\"http:\/\/www.iwebts.com\/blog\/\">Initiative Web<\/a><\/p>\n<p><strong>J<\/strong><br \/>\n<a href=\"http:\/\/jeamilburneo.blogspot.com\/\">Jeamil Burneo<\/a><br \/>\n<a href=\"http:\/\/jctorres72.blogspot.com\/\">Juan Carlos Torres<\/a><br \/>\n<a href=\"http:\/\/jpangamarca.wordpress.com\/\">Juan Pablo Angamarca<\/a><br \/>\n<a href=\"http:\/\/jeverdezoto.wordpress.com\/\">Juli\u00e1n Verdezoto<\/a><\/p>\n<p><strong>K<\/strong><br \/>\n<a href=\"http:\/\/karlozkordova.wordpress.com\/\">k@R10z Webblog!!<\/a><br \/>\n<a href=\"http:\/\/krmita.wordpress.com\/\">Krmit@<\/a><\/p>\n<p><strong>L<\/strong><br \/>\n<a href=\"http:\/\/rlramirez.wordpress.com\/\">Life and live<\/a><br \/>\n<a href=\"http:\/\/ahuaca.blogspot.com\/\">Lojanos en el mundo<\/a><br \/>\n<a href=\"http:\/\/lajumbo.wordpress.com\/\">Luis Jumbo<\/a><\/p>\n<p><strong>M<\/strong><br \/>\n<a href=\"http:\/\/jcmorocho.wordpress.com\/\">Mi escondite&#8230;<\/a><br \/>\n<a href=\"http:\/\/minutoretorico.wordpress.com\/\">Minuto ret\u00f3rico<\/a><br \/>\n<a href=\"http:\/\/jcalderon.wordpress.com\/\">My Space to Share<\/a><\/p>\n<p><strong>N<\/strong><br \/>\n<a href=\"http:\/\/blog.nationcode.com\/\">Nationcode<\/a><br \/>\n<a href=\"http:\/\/nopiedra.wordpress.com\/\">Nelson Piedra<\/a><br \/>\n<a href=\"http:\/\/negrocarlos.wordpress.com\/\">Negro Carlos<\/a><br \/>\n<a href=\"http:\/\/www.utpl.edu.ec\/noticias\/\">Noticias UTPL<\/a><\/p>\n<p><strong>O<\/strong><br \/>\n<a href=\"http:\/\/abelsuing.wordpress.com\/\">Oficio de doctorando<\/a><br \/>\n<a href=\"http:\/\/omarann.wordpress.com\/\">Omar Ajila<\/a><\/p>\n<p><strong>P<\/strong><br \/>\n<a href=\"http:\/\/paolitace.wordpress.com\/\">Pao Sarango<\/a><br \/>\n<a href=\"http:\/\/robertobeltranz.blogspot.com\/\">Pensamiento Libre<\/a><\/p>\n<p><strong>S<\/strong><br \/>\n<a href=\"http:\/\/barceludena.wordpress.com\/\">Santiago Lude\u00f1a<\/a><br \/>\n<a href=\"http:\/\/tonnet.journalspace.net\/\">Si usted nunca ha ido a Loja<\/a><br \/>\n<a href=\"http:\/\/ceroredondito.blogdiario.com\/\">Solo pasa aqu\u00ed<\/a><\/p>\n<p><strong>U<\/strong><br \/>\n<a href=\"http:\/\/www.utpl.edu.ec\/upsiblog\/\">UPSI blog<\/a><\/p>\n<p><strong>V<\/strong><br \/>\n<a href=\"http:\/\/virtualtech.wordpress.com\/\">Virtual Tech<\/a><br \/>\n<a href=\"http:\/\/voceslojanas.blogsome.com\/\">Voces Lojanas<\/a><\/p>\n<p><strong>W<\/strong><br \/>\n<a href=\"http:\/\/willburn25.blogspot.com\/\">Willburn<\/a><br \/>\n<a href=\"http:\/\/lonuevoen.wordpress.com\/\">What\u00b4s new, man???<\/a><\/p>\n<p><strong>Z<\/strong><br \/>\n<a href=\"http:\/\/zetita.wordpress.com\/\">Zetita<\/a><\/p>\n<p>[Tags]loja, lojanos, blogs, blogs lojanos, blogosfera lojana, ecuador, ur1101ec[\/Tags] <\/p>\n","protected":false},"excerpt":{"rendered":"<p>En el sitio ecuablogs.com se encuentran registrados cerca de 1.000 blogs (bit\u00e1coras) de las cu\u00e1les no todas est\u00e1n relacionadas con el Ecuador. Me parece que a\u00fan son muy pocas. Pero todav\u00eda menos es de esperar el n\u00famero de bit\u00e1coras que tengan relaci\u00f3n con Loja. \u00bfHabr\u00e1n un a docena? \u00bfdos docenas? \u00bfno m\u00e1s all\u00e1 de 30?. [&hellip;]<\/p>\n","protected":false},"author":1,"featured_media":0,"parent":0,"menu_order":0,"comment_status":"open","ping_status":"open","template":"","meta":{"footnotes":""},"class_list":["post-86","page","type-page","status-publish","hentry"],"_links":{"self":[{"href":"https:\/\/calu.me\/bitacora\/wp-json\/wp\/v2\/pages\/86","targetHints":{"allow":["GET"]}}],"collection":[{"href":"https:\/\/calu.me\/bitacora\/wp-json\/wp\/v2\/pages"}],"about":[{"href":"https:\/\/calu.me\/bitacora\/wp-json\/wp\/v2\/types\/page"}],"author":[{"embeddable":true,"href":"https:\/\/calu.me\/bitacora\/wp-json\/wp\/v2\/users\/1"}],"replies":[{"embeddable":true,"href":"https:\/\/calu.me\/bitacora\/wp-json\/wp\/v2\/comments?post=86"}],"version-history":[{"count":0,"href":"https:\/\/calu.me\/bitacora\/wp-json\/wp\/v2\/pages\/86\/revisions"}],"wp:attachment":[{"href":"https:\/\/calu.me\/bitacora\/wp-json\/wp\/v2\/media?parent=86"}],"curies":[{"name":"wp","href":"https:\/\/api.w.org\/{rel}","templated":true}]}}