{"id":1184,"date":"2013-06-07T22:03:51","date_gmt":"2013-06-07T22:03:51","guid":{"rendered":"http:\/\/calu.me\/bitacora\/?page_id=1184"},"modified":"2014-01-16T04:33:56","modified_gmt":"2014-01-16T04:33:56","slug":"viernes-de-tecnologia","status":"publish","type":"page","link":"https:\/\/calu.me\/bitacora\/viernes-de-tecnologia","title":{"rendered":"Viernes de tecnolog\u00eda"},"content":{"rendered":"<p>Compendio de los art\u00edculos publicados en <a href=\"http:\/\/www.elmercurio.com.ec\/\">El Mercurio<\/a> todos los viernes en la secci\u00f3n de tecnolog\u00eda.<\/p>\n<h2>2013<\/h2>\n<p><strong>Mayo<\/strong><br \/>\n24: <a href=\"http:\/\/calu.me\/bitacora\/files\/2013\/06\/2013_05_24_un_millon_de_razones-300x239.jpg\">Un mill\u00f3n de razones<\/a> (<a href=\"http:\/\/calu.me\/bitacora\/files\/2013\/06\/2013_05_24_Un_millon_de_razones.pdf\">PDF<\/a>).<br \/>\n31: <a href=\"http:\/\/calu.me\/bitacora\/files\/2013\/06\/2013_06_31_una_decada_de_wordpress-300x234.jpg\">Una d\u00e9cada de WordPress<\/a> (<a href=\"http:\/\/calu.me\/bitacora\/files\/2013\/07\/2013_05_31_Una_decada_de_WordPress.pdf\">PDF<\/a>).<\/p>\n<p><strong>Junio<\/strong><br \/>\n7: <a href=\"http:\/\/calu.me\/bitacora\/files\/2013\/06\/2013_06_07_cultura_libre_internet_libre-300x235.jpg\">La cultura libre necesita de Internet libre<\/a> (<a href=\"http:\/\/calu.me\/bitacora\/files\/2013\/07\/2013_06_07_La_cultura_libre_necesita_de_Internet_libre.pdf\">PDF<\/a>).<br \/>\n14: <a href=\"http:\/\/calu.me\/bitacora\/files\/2013\/06\/2013_06_14_prism_quien_vigiala_al_vigilante.jpg\">PRISM: \u00bfqui\u00e9n vigila al vigilante?<\/a> (<a href=\"http:\/\/calu.me\/bitacora\/files\/2013\/07\/2013_06_14_PRISM_quien_vigila_al_vigilante.pdf\">PDF<\/a>).<br \/>\n21: <a href=\"http:\/\/calu.me\/bitacora\/files\/2013\/06\/2013_06_21_el_anonimato_en_la_identidad_digital.jpg\">El anonimato en la identidad digital<\/a> (<a href=\"http:\/\/calu.me\/bitacora\/files\/2013\/07\/2013_06_21_El_anonimato_en_la_identidad_digital.pdf\">PDF<\/a>).<br \/>\n28: <a href=\"http:\/\/calu.me\/bitacora\/files\/2013\/06\/2013_06_28_urgencia_procomun.jpg\">La urgencia del procom\u00fan<\/a> (<a href=\"http:\/\/calu.me\/bitacora\/files\/2013\/07\/2013_06_28_La_urgencia_del_procomun.pdf\">PDF<\/a>).<\/p>\n<p><strong>Julio<\/strong><br \/>\n5: <a href=\"http:\/\/calu.me\/bitacora\/files\/2013\/07\/2013_07_05_hagamos_vaca_crowdfunding.jpg\">\u00abHagamos vaca\u00bb &#8230; pero en Internet<\/a> (<a href=\"http:\/\/calu.me\/bitacora\/files\/2013\/07\/2013_07_05_Hagamos_vaca_pero_en_Internet.pdf\">PDF<\/a>).<br \/>\n12: <a href=\"http:\/\/calu.me\/bitacora\/files\/2013\/07\/2013_07_12_hashtags.jpg\">\u00bfEtiquetas? \u00bfPalabras clave? \u00bfHashtags? que alguien me lo explique<\/a> (<a href=\"http:\/\/calu.me\/bitacora\/files\/2013\/07\/2013-07-12_hashtags.pdf\">PDF<\/a>).<br \/>\n19: <a href=\"http:\/\/calu.me\/bitacora\/files\/2013\/07\/2013_07_19_Geolocalizacion_como-me_puede_ayudar.jpg\">Geolocalizaci\u00f3n, \u00bfc\u00f3mo me puede ayudar?<\/a> (<a href=\"http:\/\/calu.me\/bitacora\/files\/2013\/07\/2013_07_19_Geolocalizacion_como-me_puede_ayudar.pdf\">PDF<\/a>).<br \/>\n26: <a href=\"http:\/\/calu.me\/bitacora\/files\/2013\/07\/2013_07_26_de_libros_electronicos_y_lectores_digitales.jpg\">De libros electr\u00f3nicos y lectores digitales<\/a> (<a href=\"http:\/\/x.calu.me\/2013_07_26\">Texto<\/a>).<\/p>\n<p><strong>Agosto<\/strong><br \/>\n2: <a href=\"http:\/\/calu.me\/bitacora\/files\/2013\/08\/2013_08_02_imprimelo_en_3d.jpg\">Impr\u00edmelo&#8230; en 3D<\/a> (<a href=\"http:\/\/x.calu.me\/2013_08_02\">Texto<\/a>).<br \/>\n9: <a href=\"http:\/\/calu.me\/bitacora\/files\/2013\/08\/2013_08_09_Tu_empresa_aun_emite_boletines_de_prensa.jpg\">\u00bfTu empresa a\u00fan emite boletines de prensa?<\/a> (<a href=\"http:\/\/x.calu.me\/2013_08_09\">Texto<\/a>)<br \/>\n16: <a href=\"http:\/\/calu.me\/bitacora\/files\/2013\/08\/2013_08_16_si_no_estas_en__la_web_no_existes.jpg\">Si no est\u00e1s en la web no existes<\/a> (<a href=\"http:\/\/x.calu.me\/2013_08_16\">Texto<\/a>)<br \/>\n23: Una d\u00e9cada de Creative Commons y el Global Summit 2013 (<a href=\"http:\/\/x.calu.me\/2013_08_23\">Texto<\/a>)<\/p>\n<p><strong>Septiembre<\/strong><br \/>\n6: <a href=\"http:\/\/calu.me\/bitacora\/files\/2013\/09\/2013_09_06_gobernanza_internet.jpg\">La gobernanza de Internet<\/a> (<a href=\"http:\/\/x.calu.me\/2013_09_06\">Texto<\/a>)<br \/>\n13: <a href=\"http:\/\/calu.me\/bitacora\/files\/2013\/09\/2013_09_13_ciudades_inteligentes.jpg\">Ciudades inteligentes&#8230; con ciudadanos inteligentes<\/a> (<a href=\"http:\/\/x.calu.me\/2013_09_13\">Texto<\/a>)<\/p>\n<p><strong>Octubre<\/strong><br \/>\n4: <a href=\"http:\/\/calu.me\/bitacora\/files\/2013\/06\/2013_10_04_fotn2013.jpg\">#FOTN2013 Ecuador en el informe mundial del grado de libertad en la red<\/a> (<a href=\"http:\/\/x.calu.me\/2013_10_04\">Texto<\/a>)<br \/>\n11: <a href=\"http:\/\/calu.me\/bitacora\/files\/2013\/10\/2013_10_11_la_nube_aquello_etereo_e_intangible.jpg\">La nube, aquello et\u00e9reo e intangible<\/a> (<a href=\"http:\/\/x.calu.me\/2013_10_11\">Texto<\/a>)<br \/>\n18: <a href=\"http:\/\/calu.me\/bitacora\/files\/2013\/10\/2013_10_18_El_protocolo_de_Internet_su_ultima_version.jpg\">El protocolo de Internet, su \u00faltima versi\u00f3n<\/a> (<a href=\"http:\/\/x.calu.me\/2013_10_18\">Texto<\/a> \/ <a href=\"http:\/\/x.calu.me\/p2013_10_18\">Audio<\/a>)<br \/>\n25: <a href=\"http:\/\/calu.me\/bitacora\/files\/2013\/10\/2013_10_25_Revision_breve_lanzamientos_Apple.jpg\">Revisi\u00f3n breve de los \u00faltimos lanzamientos de Apple<\/a> (<a href=\"http:\/\/x.calu.me\/2013_10_25\">Texto<\/a> \/ <a href=\"http:\/\/x.calu.me\/p2013_10_25\">Audio<\/a>)<\/p>\n<p><strong>Noviembre<\/strong><br \/>\n1: <a href=\"http:\/\/calu.me\/bitacora\/files\/2013\/11\/2013_11_01.jpg\">BlackBerry, esa fruta que se resiste a morir<\/a> (<a href=\"http:\/\/x.calu.me\/t2013_11_01\">Texto<\/a> \/ <a href=\"http:\/\/x.calu.me\/a2013_11_01\">Audio<\/a>)<br \/>\n8: \u00bfEs ilegal bajarse una canci\u00f3n de Internet? (<a href=\"http:\/\/x.calu.me\/t2013_11_08\">Texto<\/a> \/ <a href=\"http:\/\/x.calu.me\/p2013_11_08\">Audio<\/a>)<br \/>\n15: <a href=\"http:\/\/calu.me\/bitacora\/files\/2013\/11\/2013_11_15.jpg\">El #COIP desde la \u00f3ptica de la tecnolog\u00eda<\/a> (<a href=\"http:\/\/x.calu.me\/t2013_11_15\">Texto<\/a> \/ <a href=\"http:\/\/x.calu.me\/p2013_11_15\">Audio<\/a>)<br \/>\n22: <a href=\"http:\/\/calu.me\/bitacora\/files\/2013\/06\/2013_11_22.jpg\"\">Panorama del Software Libre (SL) en Ecuador<\/a> (<a href=\"http:\/\/x.calu.me\/t2013_11_22\">Texto<\/a> \/ <a href=\"http:\/\/x.calu.me\/p2013_11_22\">Audio<\/a>)<br \/>\n29: La versi\u00f3n 4.0 de las licencias Creative Commons (CC) (<a href=\"http:\/\/x.calu.me\/t2013_11_29\">Texto<\/a> \/ <a href=\"http:\/\/x.calu.me\/p2013_11_29\">Audio<\/a>)<\/p>\n<p><strong>Diciembre<\/strong><br \/>\n6: <a href=\"http:\/\/calu.me\/bitacora\/files\/2013\/12\/2013_12_06.jpg\">\u00bfTe puedo pagar con Bitcoins?<\/a> (<a href=\"http:\/\/x.calu.me\/t2013_12_06\">Texto<\/a> \/ <a href=\"http:\/\/x.calu.me\/p2013_12_06\">Audio<\/a>)<br \/>\n13: <a href=\"http:\/\/calu.me\/bitacora\/files\/2013\/12\/2013_12_13.jpg\">#NoAlCanon<\/a> (<a href=\"http:\/\/x.calu.me\/t2013_12_13\">Texto<\/a> \/ <a href=\"http:\/\/x.calu.me\/p2013_12_13\">Audio<\/a>)<br \/>\n20: Torrentes de contenido (<a href=\"http:\/\/x.calu.me\/t2013_12_20\">Texto<\/a> \/ <a href=\"http:\/\/x.calu.me\/p2013_12_20\">Audio<\/a>)<br \/>\n27: <a href=\"http:\/\/calu.me\/bitacora\/files\/2013\/12\/2013_12_27.jpg\">El bueno, el malo y el feo en tecnolog\u00eda del 2013<\/a> (<a href=\"http:\/\/x.calu.me\/t2013_12_27\">Texto<\/a>)<\/p>\n<p>A partir del 2014 todos los textos, art\u00edculos impresos y audios (<em>podcast<\/em>) de cada viernes estar\u00e1n agrupados en <a href=\"http:\/\/postrebinario.com\/\">postrebinario<\/a>.<\/p>\n","protected":false},"excerpt":{"rendered":"<p>Compendio de los art\u00edculos publicados en El Mercurio todos los viernes en la secci\u00f3n de tecnolog\u00eda. 2013 Mayo 24: Un mill\u00f3n de razones (PDF). 31: Una d\u00e9cada de WordPress (PDF). Junio 7: La cultura libre necesita de Internet libre (PDF). 14: PRISM: \u00bfqui\u00e9n vigila al vigilante? (PDF). 21: El anonimato en la identidad digital (PDF). [&hellip;]<\/p>\n","protected":false},"author":1,"featured_media":0,"parent":0,"menu_order":0,"comment_status":"open","ping_status":"open","template":"","meta":{"footnotes":""},"class_list":["post-1184","page","type-page","status-publish","hentry"],"_links":{"self":[{"href":"https:\/\/calu.me\/bitacora\/wp-json\/wp\/v2\/pages\/1184","targetHints":{"allow":["GET"]}}],"collection":[{"href":"https:\/\/calu.me\/bitacora\/wp-json\/wp\/v2\/pages"}],"about":[{"href":"https:\/\/calu.me\/bitacora\/wp-json\/wp\/v2\/types\/page"}],"author":[{"embeddable":true,"href":"https:\/\/calu.me\/bitacora\/wp-json\/wp\/v2\/users\/1"}],"replies":[{"embeddable":true,"href":"https:\/\/calu.me\/bitacora\/wp-json\/wp\/v2\/comments?post=1184"}],"version-history":[{"count":48,"href":"https:\/\/calu.me\/bitacora\/wp-json\/wp\/v2\/pages\/1184\/revisions"}],"predecessor-version":[{"id":1341,"href":"https:\/\/calu.me\/bitacora\/wp-json\/wp\/v2\/pages\/1184\/revisions\/1341"}],"wp:attachment":[{"href":"https:\/\/calu.me\/bitacora\/wp-json\/wp\/v2\/media?parent=1184"}],"curies":[{"name":"wp","href":"https:\/\/api.w.org\/{rel}","templated":true}]}}